{"id":4613,"date":"2024-04-02T11:12:30","date_gmt":"2024-04-02T11:12:30","guid":{"rendered":"https:\/\/www.asvitae.com\/mentions-legales\/"},"modified":"2026-02-17T11:55:50","modified_gmt":"2026-02-17T11:55:50","slug":"mentions-legales","status":"publish","type":"page","link":"https:\/\/www.pruebas.asvitae.com\/fr\/mentions-legales\/","title":{"rendered":"Mentions l\u00e9gales"},"content":{"rendered":"<p>[et_pb_section fb_built=\u00a0\u00bb1&Prime; _builder_version=\u00a0\u00bb4.24.2&Prime; _module_preset=\u00a0\u00bbdefault\u00a0\u00bb global_colors_info=\u00a0\u00bb{}\u00a0\u00bb][et_pb_row _builder_version=\u00a0\u00bb4.24.2&Prime; _module_preset=\u00a0\u00bbdefault\u00a0\u00bb global_colors_info=\u00a0\u00bb{}\u00a0\u00bb][et_pb_column type=\u00a0\u00bb4_4&Prime; _builder_version=\u00a0\u00bb4.24.2&Prime; _module_preset=\u00a0\u00bbdefault\u00a0\u00bb global_colors_info=\u00a0\u00bb{}\u00a0\u00bb][et_pb_text _builder_version=\u00a0\u00bb4.24.2&Prime; _module_preset=\u00a0\u00bbdefault\u00a0\u00bb hover_enabled=\u00a0\u00bb0&Prime; global_colors_info=\u00a0\u00bb{}\u00a0\u00bb sticky_enabled=\u00a0\u00bb0&Prime;]<\/p>\n<div class=\"et_pb_module et_pb_text et_pb_text_0 et_pb_text_align_left et_pb_bg_layout_light\">\n<div class=\"et_pb_text_inner\">\n<h1>Mentions l\u00e9gales<\/h1>\n<\/div>\n<\/div>\n<div class=\"et_pb_module et_pb_text et_pb_text_1 et_pb_text_align_left et_pb_bg_layout_light\">\n<div class=\"et_pb_text_inner\">\n<p>&nbsp;<\/p>\n<p class=\"has-medium-font-size\"><strong>1. Informations l\u00e9gales<\/strong><\/p>\n<p>&nbsp;<\/p>\n<p>1. Informations l\u00e9gales<br \/>Conform\u00e9ment aux dispositions de l\u2019article 10 de la Loi 34\/2002 du 11 juillet relative aux services de la soci\u00e9t\u00e9 de l\u2019information et au commerce \u00e9lectronique (LSSI-CE), les utilisateurs, destinataires du service et autorit\u00e9s comp\u00e9tentes sont express\u00e9ment, pr\u00e9cis\u00e9ment et sans \u00e9quivoque inform\u00e9s des \u00e9l\u00e9ments suivants concernant le prestataire de services de la soci\u00e9t\u00e9 de l\u2019information :<\/p>\n<p>&nbsp;<\/p>\n<figure class=\"wp-block-table\">\n<table>\n<tbody>\n<tr>\nD\u00e9nomination sociale<\/p>\n<td><\/td>\n<td>ASVITAE TECNOLOGIAS, S.L.<\/td>\n<\/tr>\n<tr>\n<td>CIF\/NIF<\/td>\n<td>B40511172<\/td>\n<\/tr>\n<tr>\n<td>Adresse<\/td>\n<td>C\/ La Paz, 17, CP 46960 Aldaia (Valence), Espagne<\/td>\n<\/tr>\n<tr>\n<td>T\u00e9l\u00e9phone<\/td>\n<td>961815660<\/td>\n<\/tr>\n<tr>\n<td>Email <\/td>\n<td>admin@asvitae.com<\/td>\n<\/tr>\n<tr>\n<td>Activit\u00e9<\/td>\n<td>Fabrication d\u2019\u00e9clairage LED<\/td>\n<\/tr>\n<tr>\n<td>Site web<\/td>\n<td>https:\/\/asvitae.com\/es\/<\/td>\n<\/tr>\n<tr>\n<td>Donn\u00e9es d&rsquo;enregistrement<\/td>\n<td>Registre du Commerce de Valence : Volume 10525, Livre 7806, Folio 175, Section 8, Feuille V-182893<\/td>\n<\/tr>\n<\/tbody>\n<\/table>\n<\/figure>\n<p>&nbsp;<\/p>\n<p class=\"has-medium-font-size\"><strong>2. Conditions g\u00e9n\u00e9rales d\u2019utilisation<\/strong><\/p>\n<p>&nbsp;<\/p>\n<p>L\u2019acc\u00e8s \u00e0 notre site web\/blog (ci-apr\u00e8s le \u00ab Site \u00bb) est gratuit et libre, sans n\u00e9cessit\u00e9 de souscription ou de conclusion pr\u00e9alable d\u2019un service propos\u00e9 par notre organisation.<\/p>\n<p>&nbsp;<\/p>\n<p>Les utilisateurs qui consultent ou naviguent sur notre site acceptent implicitement les pr\u00e9sentes conditions d\u2019utilisation ainsi que les autres dispositions figurant dans les pr\u00e9sentes Mentions l\u00e9gales.<\/p>\n<p>&nbsp;<\/p>\n<p>Notre organisation se r\u00e9serve le droit de modifier les pr\u00e9sentes Mentions l\u00e9gales sans pr\u00e9avis. Nous recommandons donc aux utilisateurs de consulter ce texte \u00e0 chaque visite du site. <\/p>\n<p>&nbsp;<\/p>\n<p>Toute personne acc\u00e9dant \u00e0 notre site s\u2019engage \u00e0 en faire un usage conforme \u00e0 la loi, de bonne foi, et dans le respect des obligations pr\u00e9vues par les pr\u00e9sentes Mentions l\u00e9gales. Les utilisateurs s\u2019engagent \u00e9galement \u00e0 faire un usage appropri\u00e9 de leurs codes d\u2019acc\u00e8s et \u00e0 ne pas introduire de contenus offensants ou diffamatoires sur le site. Ils ne devront en aucun cas bloquer, alt\u00e9rer ou endommager, de mani\u00e8re temporaire ou permanente, le fonctionnement, le contenu ou l\u2019infrastructure du site d\u2019une mani\u00e8re susceptible d\u2019en compromettre l\u2019utilisation.  <\/p>\n<p>&nbsp;<\/p>\n<p>En cas de non-respect total ou partiel des pr\u00e9sentes conditions d\u2019utilisation ou de toute autre disposition figurant dans ces Mentions l\u00e9gales, notre organisation se r\u00e9serve le droit de refuser l\u2019acc\u00e8s au site sans pr\u00e9avis, ainsi que d\u2019engager les actions l\u00e9gales n\u00e9cessaires \u00e0 la d\u00e9fense de ses int\u00e9r\u00eats.<\/p>\n<p>&nbsp;<\/p>\n<p class=\"has-medium-font-size\"><strong>3. Propri\u00e9t\u00e9 intellectuelle<\/strong><\/p>\n<p>&nbsp;<\/p>\n<p>Le code source, les conceptions graphiques, images, photographies, sons, animations, logiciels, textes, ainsi que les informations et contenus figurant sur ce site sont prot\u00e9g\u00e9s par la l\u00e9gislation espagnole relative \u00e0 la propri\u00e9t\u00e9 intellectuelle et industrielle au b\u00e9n\u00e9fice de notre organisation.<\/p>\n<p>&nbsp;<\/p>\n<p>Toute reproduction et\/ou publication totale ou partielle du site, son traitement informatique, sa distribution, diffusion, modification, transformation ou d\u00e9compilation, ou tout autre droit l\u00e9galement reconnu \u00e0 son titulaire, est interdite sans l\u2019autorisation \u00e9crite pr\u00e9alable de notre organisation.<\/p>\n<p>&nbsp;<\/p>\n<p>Toute reproduction et\/ou publication totale ou partielle du site, son traitement informatique, sa distribution, diffusion, modification, transformation ou d\u00e9compilation, ou tout autre droit l\u00e9galement reconnu \u00e0 son titulaire, est interdite sans l\u2019autorisation \u00e9crite pr\u00e9alable de notre organisation.<\/p>\n<p>&nbsp;<\/p>\n<p>L\u2019utilisateur peut uniquement utiliser le mat\u00e9riel figurant sur ce site \u00e0 des fins strictement personnelles et priv\u00e9es. Toute utilisation \u00e0 des fins professionnelles, commerciales ou pour des activit\u00e9s illicites est interdite. Tous les droits de propri\u00e9t\u00e9 intellectuelle sont express\u00e9ment r\u00e9serv\u00e9s. <\/p>\n<p>&nbsp;<\/p>\n<p>Notre organisation veillera au respect des conditions pr\u00e9cit\u00e9es et \u00e0 l\u2019usage appropri\u00e9 des contenus et du logo, en engageant, le cas \u00e9ch\u00e9ant, toutes actions civiles et p\u00e9nales n\u00e9cessaires en cas d\u2019infraction ou de violation de ces droits.<\/p>\n<p>&nbsp;<\/p>\n<p class=\"has-medium-font-size\"><strong>4. Utilisation des cookies et modifications du site<\/strong><\/p>\n<p>&nbsp;<\/p>\n<p>Notre site web utilise des cookies et\/ou des technologies similaires qui stockent et r\u00e9cup\u00e8rent des informations lorsque vous naviguez. En g\u00e9n\u00e9ral, ces technologies peuvent servir \u00e0 des fins tr\u00e8s diverses, telles que vous reconna\u00eetre en tant qu&rsquo;utilisateur, obtenir des informations sur vos habitudes de navigation, vous envoyer de la publicit\u00e9 ou personnaliser la mani\u00e8re dont le contenu s&rsquo;affiche. <\/p>\n<p>&nbsp;<\/p>\n<p>Pour conna\u00eetre les types de cookies utilis\u00e9s, veuillez consulter notre <a href=\"https:\/\/www.pruebas.asvitae.com\/es\/politica-cookies.html\" target=\"_blank\" rel=\"noopener\" data-cmp-ab=\"2\">Politique relative aux cookies.<\/a><\/p>\n<p>&nbsp;<\/p>\n<p>Notre organisation peut modifier, sans pr\u00e9avis, les informations contenues sur le site ainsi que sa configuration et sa pr\u00e9sentation.<\/p>\n<p>&nbsp;<\/p>\n<p class=\"has-medium-font-size\"><strong>5. Engagements envers l\u2019utilisateur<\/strong><\/p>\n<p>&nbsp;<\/p>\n<p>Notre organisation s\u2019engage \u00e0 ne pas recourir \u00e0 des pratiques publicitaires trompeuses. \u00c0 ce titre, les erreurs formelles ou num\u00e9riques pouvant appara\u00eetre dans les diff\u00e9rentes sections du site, r\u00e9sultant d\u2019une maintenance ou d\u2019une mise \u00e0 jour incompl\u00e8te ou d\u00e9fectueuse des informations, ne seront pas consid\u00e9r\u00e9es comme de la publicit\u00e9 trompeuse. Notre organisation s\u2019engage \u00e0 corriger ces erreurs d\u00e8s qu\u2019elle en aura connaissance.  <\/p>\n<p>&nbsp;<\/p>\n<p>Notre organisation s\u2019engage \u00e9galement \u00e0 ne pas envoyer de communications commerciales sans les identifier clairement comme telles et sans le consentement pr\u00e9alable de l\u2019utilisateur, conform\u00e9ment aux dispositions de la Loi 34\/2002 sur les services de la soci\u00e9t\u00e9 de l\u2019information et le commerce \u00e9lectronique. \u00c0 cette fin, ne seront pas consid\u00e9r\u00e9es comme communications commerciales les informations envoy\u00e9es aux clients lorsque leur objectif est de maintenir la relation contractuelle existante, ainsi que de r\u00e9aliser des t\u00e2ches d\u2019information ou toute autre activit\u00e9 li\u00e9e au service contract\u00e9 avec l\u2019entreprise. <\/p>\n<p>&nbsp;<\/p>\n<p class=\"has-medium-font-size\"><strong>6. Engagement en mati\u00e8re de protection des donn\u00e9es personnelles<\/strong><\/p>\n<p>&nbsp;<\/p>\n<p>Notre organisation s\u2019engage \u00e0 traiter toute donn\u00e9e personnelle dans le strict respect des dispositions du R\u00e8glement G\u00e9n\u00e9ral sur la Protection des Donn\u00e9es (RGPD 2016\/679) et de la Loi Organique 3\/2018 du 5 d\u00e9cembre relative \u00e0 la protection des donn\u00e9es personnelles et \u00e0 la garantie des droits num\u00e9riques (LOPDGDD).<br \/>Pour plus d\u2019informations, nous invitons les utilisateurs \u00e0 consulter notre <span> <\/span><a href=\"https:\/\/www.pruebas.asvitae.com\/es\/politica-privacidad.html\" target=\"_blank\" rel=\"noopener\" data-cmp-ab=\"2\">Politique de confidentialit\u00e9.<\/a><\/p>\n<p>&nbsp;<\/p>\n<p class=\"has-medium-font-size\"><strong>7. Infractions et responsabilit\u00e9s<\/strong><\/p>\n<p>&nbsp;<\/p>\n<p>Notre organisation d\u00e9cline toute responsabilit\u00e9 en cas de violation des r\u00e9glementations applicables que l\u2019utilisateur pourrait commettre lors de l\u2019acc\u00e8s au site et\/ou de l\u2019utilisation des informations qui y sont contenues.<\/p>\n<p>&nbsp;<\/p>\n<p>Notre organisation ne pourra \u00eatre tenue responsable des dommages, quelle qu\u2019en soit la nature, caus\u00e9s ou susceptibles d\u2019\u00eatre caus\u00e9s par l\u2019utilisation des informations, des contenus ou des programmes int\u00e9gr\u00e9s au pr\u00e9sent site. Les liens et hyperliens permettant \u00e0 l\u2019utilisateur d\u2019acc\u00e9der \u00e0 des services et prestations propos\u00e9s par des tiers via ce site ne sont ni d\u00e9tenus ni contr\u00f4l\u00e9s par notre organisation. Par cons\u00e9quent, nous ne sommes pas responsables des informations qu\u2019ils contiennent ni des cons\u00e9quences pouvant d\u00e9couler de leur utilisation. <\/p>\n<p>&nbsp;<\/p>\n<p>Notre organisation n\u2019est pas responsable de l\u2019usage ill\u00e9gal que des tiers pourraient faire de noms commerciaux, noms de produits ou marques ne lui appartenant pas et apparaissant sur ce site. Elle ne garantit pas non plus l\u2019int\u00e9grit\u00e9, la v\u00e9racit\u00e9 ou la l\u00e9galit\u00e9 du contenu des sites accessibles via des liens externes. En r\u00e9sum\u00e9, l\u2019utilisateur est seul responsable de l\u2019utilisation qu\u2019il fait des services, contenus, liens et hyperliens inclus sur ce site.  <\/p>\n<p>&nbsp;<\/p>\n<p class=\"has-medium-font-size\"><strong>8. L\u00e9gislation applicable et juridiction comp\u00e9tente<\/strong><\/p>\n<p>&nbsp;<\/p>\n<p>Pour toute question ou litige concernant les sites web appartenant \u00e0 notre organisation, la l\u00e9gislation espagnole sera applicable. Les tribunaux et juridictions comp\u00e9tents seront ceux correspondant au ressort territorial du prestataire de services de la soci\u00e9t\u00e9 de l\u2019information, pour r\u00e9soudre tout conflit d\u00e9coulant de ou li\u00e9 \u00e0 l\u2019utilisation du pr\u00e9sent site.<\/p>\n<p>&nbsp;<\/p>\n<p>Mise \u00e0 jour : 7 juin 2022<\/p>\n<\/div>\n<\/div>\n<p>[\/et_pb_text][\/et_pb_column][\/et_pb_row][\/et_pb_section]<\/p>\n","protected":false},"excerpt":{"rendered":"<p>Mentions l\u00e9gales &nbsp; 1. Informations l\u00e9gales &nbsp; 1. Informations l\u00e9galesConform\u00e9ment aux dispositions de l\u2019article 10 de la Loi 34\/2002 du 11 juillet relative aux services de la soci\u00e9t\u00e9 de l\u2019information et au commerce \u00e9lectronique (LSSI-CE), les utilisateurs, destinataires du service et autorit\u00e9s comp\u00e9tentes sont express\u00e9ment, pr\u00e9cis\u00e9ment et sans \u00e9quivoque inform\u00e9s des \u00e9l\u00e9ments suivants concernant le [&hellip;]<\/p>\n","protected":false},"author":1,"featured_media":0,"parent":0,"menu_order":0,"comment_status":"closed","ping_status":"closed","template":"","meta":{"_acf_changed":false,"_et_pb_use_builder":"on","_et_pb_old_content":"","_et_gb_content_width":"","footnotes":"","_links_to":"","_links_to_target":""},"class_list":["post-4613","page","type-page","status-publish","hentry"],"acf":[],"yoast_head":"<!-- This site is optimized with the Yoast SEO plugin v27.0 - https:\/\/yoast.com\/product\/yoast-seo-wordpress\/ -->\n<title>Mentions l\u00e9gales - Asvitae<\/title>\n<meta name=\"robots\" content=\"noindex, follow, max-snippet:-1, max-image-preview:large, max-video-preview:-1\" \/>\n<meta property=\"og:locale\" content=\"fr_FR\" \/>\n<meta property=\"og:type\" content=\"article\" \/>\n<meta property=\"og:title\" content=\"Mentions l\u00e9gales - Asvitae\" \/>\n<meta property=\"og:description\" content=\"Mentions l\u00e9gales &nbsp; 1. Informations l\u00e9gales &nbsp; 1. Informations l\u00e9galesConform\u00e9ment aux dispositions de l\u2019article 10 de la Loi 34\/2002 du 11 juillet relative aux services de la soci\u00e9t\u00e9 de l\u2019information et au commerce \u00e9lectronique (LSSI-CE), les utilisateurs, destinataires du service et autorit\u00e9s comp\u00e9tentes sont express\u00e9ment, pr\u00e9cis\u00e9ment et sans \u00e9quivoque inform\u00e9s des \u00e9l\u00e9ments suivants concernant le [&hellip;]\" \/>\n<meta property=\"og:url\" content=\"https:\/\/www.pruebas.asvitae.com\/fr\/mentions-legales\/\" \/>\n<meta property=\"og:site_name\" content=\"Asvitae\" \/>\n<meta property=\"article:modified_time\" content=\"2026-02-17T11:55:50+00:00\" \/>\n<meta name=\"twitter:card\" content=\"summary_large_image\" \/>\n<meta name=\"twitter:label1\" content=\"Dur\u00e9e de lecture estim\u00e9e\" \/>\n\t<meta name=\"twitter:data1\" content=\"7 minutes\" \/>\n<script type=\"application\/ld+json\" class=\"yoast-schema-graph\">{\"@context\":\"https:\/\/schema.org\",\"@graph\":[{\"@type\":\"WebPage\",\"@id\":\"https:\/\/www.pruebas.asvitae.com\/fr\/mentions-legales\/\",\"url\":\"https:\/\/www.pruebas.asvitae.com\/fr\/mentions-legales\/\",\"name\":\"Mentions l\u00e9gales - Asvitae\",\"isPartOf\":{\"@id\":\"https:\/\/www.pruebas.asvitae.com\/fr\/#website\"},\"datePublished\":\"2024-04-02T11:12:30+00:00\",\"dateModified\":\"2026-02-17T11:55:50+00:00\",\"breadcrumb\":{\"@id\":\"https:\/\/www.pruebas.asvitae.com\/fr\/mentions-legales\/#breadcrumb\"},\"inLanguage\":\"fr-FR\",\"potentialAction\":[{\"@type\":\"ReadAction\",\"target\":[\"https:\/\/www.pruebas.asvitae.com\/fr\/mentions-legales\/\"]}]},{\"@type\":\"BreadcrumbList\",\"@id\":\"https:\/\/www.pruebas.asvitae.com\/fr\/mentions-legales\/#breadcrumb\",\"itemListElement\":[{\"@type\":\"ListItem\",\"position\":1,\"name\":\"Portada\",\"item\":\"https:\/\/www.pruebas.asvitae.com\/fr\/home\/\"},{\"@type\":\"ListItem\",\"position\":2,\"name\":\"Mentions l\u00e9gales\"}]},{\"@type\":\"WebSite\",\"@id\":\"https:\/\/www.pruebas.asvitae.com\/fr\/#website\",\"url\":\"https:\/\/www.pruebas.asvitae.com\/fr\/\",\"name\":\"Asvitae\",\"description\":\"Fabricantes de iluminaci\u00f3n LED\",\"potentialAction\":[{\"@type\":\"SearchAction\",\"target\":{\"@type\":\"EntryPoint\",\"urlTemplate\":\"https:\/\/www.pruebas.asvitae.com\/fr\/?s={search_term_string}\"},\"query-input\":{\"@type\":\"PropertyValueSpecification\",\"valueRequired\":true,\"valueName\":\"search_term_string\"}}],\"inLanguage\":\"fr-FR\"}]}<\/script>\n<!-- \/ Yoast SEO plugin. -->","yoast_head_json":{"title":"Mentions l\u00e9gales - Asvitae","robots":{"index":"noindex","follow":"follow","max-snippet":"max-snippet:-1","max-image-preview":"max-image-preview:large","max-video-preview":"max-video-preview:-1"},"og_locale":"fr_FR","og_type":"article","og_title":"Mentions l\u00e9gales - Asvitae","og_description":"Mentions l\u00e9gales &nbsp; 1. Informations l\u00e9gales &nbsp; 1. Informations l\u00e9galesConform\u00e9ment aux dispositions de l\u2019article 10 de la Loi 34\/2002 du 11 juillet relative aux services de la soci\u00e9t\u00e9 de l\u2019information et au commerce \u00e9lectronique (LSSI-CE), les utilisateurs, destinataires du service et autorit\u00e9s comp\u00e9tentes sont express\u00e9ment, pr\u00e9cis\u00e9ment et sans \u00e9quivoque inform\u00e9s des \u00e9l\u00e9ments suivants concernant le [&hellip;]","og_url":"https:\/\/www.pruebas.asvitae.com\/fr\/mentions-legales\/","og_site_name":"Asvitae","article_modified_time":"2026-02-17T11:55:50+00:00","twitter_card":"summary_large_image","twitter_misc":{"Dur\u00e9e de lecture estim\u00e9e":"7 minutes"},"schema":{"@context":"https:\/\/schema.org","@graph":[{"@type":"WebPage","@id":"https:\/\/www.pruebas.asvitae.com\/fr\/mentions-legales\/","url":"https:\/\/www.pruebas.asvitae.com\/fr\/mentions-legales\/","name":"Mentions l\u00e9gales - Asvitae","isPartOf":{"@id":"https:\/\/www.pruebas.asvitae.com\/fr\/#website"},"datePublished":"2024-04-02T11:12:30+00:00","dateModified":"2026-02-17T11:55:50+00:00","breadcrumb":{"@id":"https:\/\/www.pruebas.asvitae.com\/fr\/mentions-legales\/#breadcrumb"},"inLanguage":"fr-FR","potentialAction":[{"@type":"ReadAction","target":["https:\/\/www.pruebas.asvitae.com\/fr\/mentions-legales\/"]}]},{"@type":"BreadcrumbList","@id":"https:\/\/www.pruebas.asvitae.com\/fr\/mentions-legales\/#breadcrumb","itemListElement":[{"@type":"ListItem","position":1,"name":"Portada","item":"https:\/\/www.pruebas.asvitae.com\/fr\/home\/"},{"@type":"ListItem","position":2,"name":"Mentions l\u00e9gales"}]},{"@type":"WebSite","@id":"https:\/\/www.pruebas.asvitae.com\/fr\/#website","url":"https:\/\/www.pruebas.asvitae.com\/fr\/","name":"Asvitae","description":"Fabricantes de iluminaci\u00f3n LED","potentialAction":[{"@type":"SearchAction","target":{"@type":"EntryPoint","urlTemplate":"https:\/\/www.pruebas.asvitae.com\/fr\/?s={search_term_string}"},"query-input":{"@type":"PropertyValueSpecification","valueRequired":true,"valueName":"search_term_string"}}],"inLanguage":"fr-FR"}]}},"_links":{"self":[{"href":"https:\/\/www.pruebas.asvitae.com\/fr\/wp-json\/wp\/v2\/pages\/4613","targetHints":{"allow":["GET"]}}],"collection":[{"href":"https:\/\/www.pruebas.asvitae.com\/fr\/wp-json\/wp\/v2\/pages"}],"about":[{"href":"https:\/\/www.pruebas.asvitae.com\/fr\/wp-json\/wp\/v2\/types\/page"}],"author":[{"embeddable":true,"href":"https:\/\/www.pruebas.asvitae.com\/fr\/wp-json\/wp\/v2\/users\/1"}],"replies":[{"embeddable":true,"href":"https:\/\/www.pruebas.asvitae.com\/fr\/wp-json\/wp\/v2\/comments?post=4613"}],"version-history":[{"count":2,"href":"https:\/\/www.pruebas.asvitae.com\/fr\/wp-json\/wp\/v2\/pages\/4613\/revisions"}],"predecessor-version":[{"id":4615,"href":"https:\/\/www.pruebas.asvitae.com\/fr\/wp-json\/wp\/v2\/pages\/4613\/revisions\/4615"}],"wp:attachment":[{"href":"https:\/\/www.pruebas.asvitae.com\/fr\/wp-json\/wp\/v2\/media?parent=4613"}],"curies":[{"name":"wp","href":"https:\/\/api.w.org\/{rel}","templated":true}]}}